{"id":14382,"date":"2024-02-19T11:23:27","date_gmt":"2024-02-19T10:23:27","guid":{"rendered":"https:\/\/www.c-mavric.at\/cms\/?page_id=14382"},"modified":"2024-02-19T11:23:28","modified_gmt":"2024-02-19T10:23:28","slug":"info-4","status":"publish","type":"page","link":"https:\/\/www.c-mavric.at\/cms\/info-4\/","title":{"rendered":"Info"},"content":{"rendered":"<div  class=\"tatsu-hbspz0amxjeviw6g tatsu-section  tatsu-bg-overlay   tatsu-clearfix\" data-title=\"\"  data-headerscheme=\"background--dark\"><div class='tatsu-section-pad clearfix' data-padding='{\"d\":\"50px 0% 200px 0%\"}' data-padding-top='50px'><div class=\"tatsu-row-wrap  tatsu-wrap tatsu-row-one-col tatsu-row-has-one-cols tatsu-zero-margin tatsu-medium-gutter tatsu-reg-cols  tatsu-clearfix tatsu-hbspz0an0r1ht4e9\" ><div  class=\"tatsu-row \" ><div  class=\"tatsu-column  tatsu-bg-overlay tatsu-one-col tatsu-animate tatsu-column-image-none tatsu-column-effect-none  tatsu-hbspz0an405l0pkb\" data-animation=\"flipInX\"   data-parallax-speed=\"0\" style=\"\"><div class=\"tatsu-column-inner \" ><div class=\"tatsu-column-pad-wrap\"><div class=\"tatsu-column-pad\" ><div  class=\"tatsu-module tatsu-text-block-wrap tatsu-hbspz0an5z8an1mq  \"><div class=\"tatsu-text-inner tatsu-align-center  clearfix\" ><style>.tatsu-hbspz0an5z8an1mq.tatsu-text-block-wrap .tatsu-text-inner{text-align: left;}<\/style>\n<h3><span style=\"color: #000000\">Lebendige Portraits.<br \/>\n<\/span><\/h3>\n<\/div><\/div><div  class=\"tatsu-empty-space  tatsu-rkcKitOJh  \" ><style>.tatsu-rkcKitOJh.tatsu-empty-space{height: 1px;}<\/style><\/div><\/div><\/div><div class = \"tatsu-column-bg-image-wrap\"><div class = \"tatsu-column-bg-image\" ><\/div><\/div><div class=\"tatsu-overlay tatsu-column-overlay tatsu-animate-none\" ><\/div><\/div><style>.tatsu-row > .tatsu-hbspz0an405l0pkb.tatsu-column{width: 100%;}.tatsu-hbspz0an405l0pkb.tatsu-column > .tatsu-column-inner > .tatsu-column-pad-wrap > .tatsu-column-pad{padding: 0% 0% 0% 0%;}.tatsu-hbspz0an405l0pkb.tatsu-column{margin: 0px 0px  0px !important;}.tatsu-hbspz0an405l0pkb.tatsu-column > .tatsu-column-inner > .tatsu-column-overlay{mix-blend-mode: normal;}.tatsu-hbspz0an405l0pkb > .tatsu-column-inner > .tatsu-top-divider{z-index: 9999;}.tatsu-hbspz0an405l0pkb > .tatsu-column-inner > .tatsu-bottom-divider{z-index: 9999;}.tatsu-hbspz0an405l0pkb > .tatsu-column-inner > .tatsu-left-divider{z-index: 9999;}.tatsu-hbspz0an405l0pkb > .tatsu-column-inner > .tatsu-right-divider{z-index: 9999;}<\/style><\/div><\/div><\/div><div class=\"tatsu-row-wrap  tatsu-wrap tatsu-row-has-two-cols tatsu-medium-gutter tatsu-reg-cols  tatsu-clearfix tatsu-hbspz0anq6ehhow8\" ><div  class=\"tatsu-row \" ><div  class=\"tatsu-column  tatsu-bg-overlay tatsu-three-fourth tatsu-column-image-none tatsu-column-effect-none  tatsu-hbspz0antdgaqd5x\"  data-parallax-speed=\"0\" style=\"\"><div class=\"tatsu-column-inner \" ><div class=\"tatsu-column-pad-wrap\"><div class=\"tatsu-column-pad\" ><div  class=\"tatsu-module tatsu-text-block-wrap tatsu-hbspz0anwzcbvenp  \"><div class=\"tatsu-text-inner tatsu-align-center  clearfix\" ><style>.tatsu-hbspz0anwzcbvenp.tatsu-text-block-wrap .tatsu-text-inner{text-align: left;}<\/style>\n<h4>Profil<\/h4>\n<p><span style=\"color: #545454;\">Christopher Mavri\u010d ist Allround-Fotograf mit mehr als 15 Jahren Erfahrung in unterschiedlichen Feldern, bisher mit besonderem Fokus auf Portr\u00e4tfotografie. F\u00fcr unterschiedlichste Kunden im In- und Ausland in Aufgabenbereichen von der Architekturfotografie \u00fcber Produkt- und Werbefotografie bis hin zu Gem\u00e4lde-Repros t\u00e4tig. Zahlreiche Erscheinungen in fast allen deutschsprachigen Qualit\u00e4tsmedien und Autor mehrerer k\u00fcnstlerischer Fotob\u00fccher. Auch als Kameramann und Cutter t\u00e4tig, ausgebildeter Grafikdesigner.<\/span><\/p>\n<\/div><\/div><div  class=\"tatsu-module tatsu-divider-wrap  tatsu-hbspz0anywcg2ctp   \"  ><style>.tatsu-hbspz0anywcg2ctp .tatsu-divider{height: 1px;width: 100%;background: #eeeeee;}.tatsu-hbspz0anywcg2ctp.tatsu-divider-wrap{text-align: left;}<\/style><hr class=\"tatsu-divider\"\/><\/div><div  class=\"tatsu-module tatsu-text-block-wrap tatsu-hbspz0ao1if1yut9  \"><div class=\"tatsu-text-inner tatsu-align-center  clearfix\" ><style>.tatsu-hbspz0ao1if1yut9.tatsu-text-block-wrap .tatsu-text-inner{text-align: left;}<\/style>\n<h4>Kurzbio<\/h4>\n<p>Christopher Mavri\u010d wurde 1985 in der Steiermark geboren und wuchs in Kapfenberg auf. Im Jahr 2008 konnte er sein Studium an der FH-Joanneum im Fach Informationsdesign mit Auszeichnung abschlie\u00dfen. W\u00e4hrend seines Studiums in Graz begann er f\u00fcr Magazine und Zeitungen mit Schwerpunkt auf kulturelle und soziale Themen zu fotografieren. Von 2009 bis 2010 besuchte er in Wien die Schule f\u00fcr k\u00fcnstlerische Fotografie von Friedl Kubelka. Seit 2012 unterrichtet Chris Mavri\u010d an der Fotoakademie Graz analoge Fotografie und Dunkelkammertechnik. 2015 lie\u00df er sich als selbst\u00e4ndiger Fotograf in Wien nieder.<\/p>\n<p>Als Fotok\u00fcnstler legt Chris Mavri\u010d besonderes Augenmerk auf die Portr\u00e4t- und Dokumentarfotografie. 2015 erschien seine erste Monografie \u201eWildfremd &#8211; Stra\u00dfenportaits aus Graz &amp; Wien\u201c im Verlag FOTOHOF-Edition. 2018 wurde sein Engagement auf dem Gebiet der k\u00fcnstlerischen Dokumentarfotografie mit dem Staatsstipendium f\u00fcr Fotografie des Bundeskanzleramtes \u00d6sterreich gew\u00fcrdigt. Dies erm\u00f6glichte es Chris Mavri\u010d, sich verst\u00e4rkt seinem Fotobuch \u201eZwischen Br\u00fccken\u201c mit Portr\u00e4ts und Stadtansichten des 20. Wiener-Gemeindebezirks zu widmen, das 2020 in der FOTOHOF-Edition erschien. Seine Fotos zur Corona-Krise in Wien, die bereits 2020 in vielen Ausgaben der Stadtzeitung Falter erschienen sind, wurden 2021 mit einem Text von Peter Payer im Buch \u201eStille Stadt\u201c im Falter Verlag gesammelt ver\u00f6ffentlicht.<\/p>\n<p>2021 war sein analoger Kurzfilm &#8220;Heimatfilm&#8221; \u00fcber die Industrieregion Mur- \/ M\u00fcrzfurche im Mobilen Pavillon der steirischen Landesausstellung an mehreren Standorten zu sehen. Anfang 2022 erschien der von Chris Mavri\u010d fotografierte kulinarische Bild- und Textband &#8220;In der Frittatensuppe feiert die Provinz ihre Triumphe&#8221;, herausgegeben von Harald Schmidt, im Brandst\u00e4tter Verlag.<\/p>\n<\/div><\/div><div  class=\"tatsu-module tatsu-divider-wrap  tatsu-hbspz0ao165lwxmg   \"  ><style>.tatsu-hbspz0ao165lwxmg .tatsu-divider{height: 1px;width: 100%;background: #eeeeee;}.tatsu-hbspz0ao165lwxmg.tatsu-divider-wrap{text-align: left;}<\/style><hr class=\"tatsu-divider\"\/><\/div><div  class=\"tatsu-module tatsu-text-block-wrap tatsu-hbspz0anz945ph8c  \"><div class=\"tatsu-text-inner tatsu-align-center  clearfix\" ><style>.tatsu-hbspz0anz945ph8c.tatsu-text-block-wrap .tatsu-text-inner{text-align: left;}<\/style>\n<h4>About<\/h4>\n<p><em>Christopher Mavric (*1985 in Austria) lives and works in Vienna as a documentary photographer. In 2008 he completed his studies at the University of Applied Sciences in Graz in the field of information\u2013design. From 2007 he began to work as a photographer for magazines and newspapers with a focus on cultural and social issues. From 2009 to 2010 he attended Friedl Kubelka&#8217;s School of Art Photography in Vienna. Since January 2012 he teaches analogue photography at the Academy for Applied Photography in Graz.<\/em><\/p>\n<p><em>As an all-round photographer with 15+ years of experience in various fields, so far with a special focus on portrait photography. He has worked for a wide range of clients in Austria and abroad, in areas ranging from architectural photography to product and advertising photography to painting reproduction. His work has been published in almost all German-language quality media and he is the author of several artistic photo books. He is also active as a cameraman and editor, and is a trained graphic designer.<\/em><\/p>\n<p><em>As a photo artist, he dedicates himself to portraits and documentary photography. In February 2015 his first photobook &#8220;Wildfremd \u2013 Street Portraits from Graz &amp; Vienna&#8221; was published by FOTOHOF edition. In 2018, he received the state scholarship for photography from the Federal Chancellery of Austria. In 2020 his photobook &#8220;Zwischen Br\u00fccken&#8221; with portraits and cityscapes of Vienna&#8217;s 20th district was published by FOTOHOF. His photos of the Corona crisis in Vienna were released in the book &#8220;Stille Stadt (Silent City)&#8221; by Falter Verlag in 2021.<\/em><\/p>\n<\/div><\/div><div  class=\"tatsu-module tatsu-divider-wrap  tatsu-hbspz0ao3zbatpey   \"  ><style>.tatsu-hbspz0ao3zbatpey .tatsu-divider{height: 1px;width: 100%;background: #eeeeee;}.tatsu-hbspz0ao3zbatpey.tatsu-divider-wrap{text-align: left;}<\/style><hr class=\"tatsu-divider\"\/><\/div><div  class=\"tatsu-module tatsu-text-block-wrap tatsu-hbspz0ao4c8xsm3i  \"><div class=\"tatsu-text-inner tatsu-align-center  clearfix\" ><style>.tatsu-hbspz0ao4c8xsm3i.tatsu-text-block-wrap .tatsu-text-inner{text-align: left;}<\/style>\n<h4>Ausstellungen \/ Exhibitions (selected)<\/h4>\n<p>2023 &#8220;Cargo Vienna&#8221; Museum Nordwestbahnhof, Wien<br \/>\n2023 &#8220;Counter Parts&#8221; Analog Mania, Timisoara<br \/>\n2022 &#8220;Zwischen Br\u00fccken&#8221; Athens Photo, Benaki Museum \/ Pireos<br \/>\n2021 &#8220;Stille Stadt&#8221; \u00d6sterreichisches Kulturforum Zagreb<br \/>\n2021 &#8220;Heimatfilm&#8221; SteiermarkSchau, Mobiler Pavilion <a href=\"https:\/\/www.steiermarkschau.at\/ausstellungen\/mobiler-pavillon#off\">Website<\/a><br \/>\n2021 &#8220;Alt werden&#8221; Festival of Tolerance, Zagreb<br \/>\n2020 &#8220;Stille Stadt&#8221; Aktionsradius Gau\u00dfplatz, Wien<br \/>\n2020 &#8220;Zwischen Br\u00fccken&#8221; Nordwestbahnhof Museum, Wien<br \/>\n2019 &#8220;Zwischen Br\u00fccken. Portr\u00e4ts aus Wien-Brigittenau&#8221; Gau\u00dfplatz Wien, Wir sind Wien Festival<br \/>\n2018 \u201cAlt werden. Portr\u00e4ts von Menschen mit Behinderungen&#8221; Graz Museum<br \/>\n2018 \u201cApplied Nostalgia: Beograd \/ Vienna\u201d in Belgrad (Jugoslovenska Kinoteka) und Wien (Bundeskanzleramt)<br \/>\n2018 \u201cThe Leopards\u201d in Wien, ARGE Henriette, Wir sind Wien Festival<br \/>\n2018 &#8220;FacingAustria&#8221; Gruppenausstellung in London, 12 Star Gallery at the Europe House<br \/>\n2018 &#8220;Wei\u00df enth\u00e4lt alle Farben&#8221; Gruppenausstellung in Wien, PHOTON Gallery &amp; Zigutamve<br \/>\n2018 \u201cThe Leopards\u201d in Graz, Caf\u00e9 Mild<br \/>\n2017 \u201cEs lebe der Widerspruch. Fotos aus dem Falter Archiv.\u201d Gruppenausstellung in Wien, Wien-Museum<br \/>\n2017 \u201c\u00d6sterreichBilder\u201d Gruppenausstellung in Salzburg, Kunsthalle Salzburg-Museum<br \/>\n2017 \u201cGegenw\u00e4rtig. \u00c4ltere Menschen mit Behinderung im Portrait\u201d Lebenshilfen Graz<br \/>\n2016 \u201cDer innere Zaun\u201d in der \u201cRepublik Kugelmugel\u201d in Wien, Monat der Fotografie<br \/>\n2016 \u201cStreet Value\u201d Gruppenausstellung in Litauen beim Kaunas Photo Festival<br \/>\n2016 \u201cThe Body Politic\u201d Gruppenausstellung in Dublin, Gallery of Photography Ireland<br \/>\n2015 \u201cPhotovienna 2015\u201d Gruppenausstellung in Wien im MAK<br \/>\n2015 \u201c\u00d6sterreichische Dokumentarfotografie\u201d Gruppenausstellung in Salzburg FOTOHOF<br \/>\n2014 \u201cHandmade II\u201d Gruppenausstellung in Wien, Anzenberger Gallery<br \/>\n2013 \u201cHohe Dosis\u201d Gruppenausstellung in Salzburg, FOTOHOF<br \/>\n2013 \u201cVrai ou Faux\u201d Gruppenausstellung in Rotterdam, Nederlands Fotomuseum<br \/>\n2012 \u201cPrivate Paradise\u201d Gruppenausstellung in Wien, 4e7 Artforum<br \/>\n2012 \u201cARTfaces\u201d Gruppenausstellung in Graz, Caf\u00e9 Kaiserfeld<br \/>\n2012 \u201cDas Fragment als Illusion\u201d Atelier Stephan K\u00f6berl, Monat der Fotografie Wien<br \/>\n2011 \u201cVrai ou Faux\u201d Gruppenausstellung in Wien, Ventilazione<br \/>\n2011 \u201cHandmade\u201d Gruppenausstellung in Wien, AnzenbergerGallery<br \/>\n2011 \u201cVrai ou Faux\u201d Gruppenausstellung in Hamburg, linksrechts &amp; Loge<br \/>\n2011 &#8220;Luftblicke&#8221; Pop-Up Gruppenausstellung in Graz<br \/>\n2010 &#8220;Photo Graz 010&#8221; Gruppenausstellung in Graz, Stadtmuseum Graz<br \/>\n2010 &#8220;Herzschlag&#8221;Gruppenausstellung in Wien, mo.\u00eb.<br \/>\n2009 &#8220;Absolutely Free &#8220;Gruppenausstellung in Graz, Landesmuseum Joanneum<\/p>\n<\/div><\/div><div  class=\"tatsu-module tatsu-text-block-wrap tatsu-hbspz0ao871o6zsg  \"><div class=\"tatsu-text-inner tatsu-align-center  clearfix\" ><style>.tatsu-hbspz0ao871o6zsg.tatsu-text-block-wrap .tatsu-text-inner{text-align: left;}<\/style>\n<h4>Kunden \/ Clients<\/h4>\n<p>11freunde<br \/>\nAkademie Graz<br \/>\nAlbertina<br \/>\nalpha nova<br \/>\nAnzenberger Agency<br \/>\nAudvice<br \/>\nAutorevue<br \/>\nBrandst\u00e4tter Verlag<br \/>\nCaritas<br \/>\nDaneshgar Architects<br \/>\nDATUM<br \/>\nDie ZEIT<br \/>\nDel Fabro<br \/>\nDer Standard<br \/>\nDT Trend<br \/>\nE-dvertising<br \/>\nedition5haus<br \/>\nEltern Magazin<br \/>\nF Personalagentur<br \/>\nFalter Stadtzeitung<br \/>\nFalter Verlag<br \/>\nFitForFun<br \/>\nFinanzprokuratur<br \/>\nFocus Magazin<br \/>\nFocus Schule<br \/>\nGartenbaukino<br \/>\nGeolino extra<br \/>\nHelsingin Sanomat<br \/>\nInked Panther Magazin<br \/>\nInLibris<br \/>\nISOP<br \/>\nJudith Schneider<br \/>\nKadadesign<br \/>\nKaspar Harnisch<br \/>\nKatzbeck<br \/>\nLaStrada<br \/>\nLe Monde M<br \/>\nLebenshilfen SD GmbH<br \/>\nLeykam Verlag<br \/>\nLOOK!Design<br \/>\nMANZ Verlag<br \/>\nMAN Truck &amp; Bus<br \/>\nMarkus M\u00f6rth<br \/>\nMonis GmbH<br \/>\nMOLDEN Verlag<br \/>\nNZZ<br \/>\nPretty Commercial<br \/>\nPost AG<br \/>\nRA Claudia Sorgo<br \/>\nRed Bulletin<br \/>\nShiatsu Carlo Bassi<br \/>\nSoul Sister MagazinStern<br \/>\nTASKA<br \/>\nteamgnesda<br \/>\nTierwelt Herbergstein<br \/>\nTripenta<br \/>\nUlli &amp; Paul<br \/>\nUniversalmuseum Joanneum<br \/>\nVerein Bicycle<br \/>\nVerein IKS<br \/>\nWeingut Schneeberger<br \/>\nWKO Steiermark<br \/>\nWiener Stadtwerke<br \/>\nWomen&#8217;s Health<br \/>\nWOZ<\/p>\n<\/div><\/div><\/div><\/div><div class = \"tatsu-column-bg-image-wrap\"><div class = \"tatsu-column-bg-image\" ><\/div><\/div><div class=\"tatsu-overlay tatsu-column-overlay tatsu-animate-none\" ><\/div><\/div><style>.tatsu-row > .tatsu-hbspz0antdgaqd5x.tatsu-column{width: 75%;}.tatsu-hbspz0antdgaqd5x.tatsu-column > .tatsu-column-inner > .tatsu-column-pad-wrap > .tatsu-column-pad{padding: 0% 0% 0% 0%;}.tatsu-hbspz0antdgaqd5x.tatsu-column{margin: 0px 0px  0px !important;}.tatsu-hbspz0antdgaqd5x.tatsu-column > .tatsu-column-inner > .tatsu-column-overlay{mix-blend-mode: normal;}.tatsu-hbspz0antdgaqd5x > .tatsu-column-inner > .tatsu-top-divider{z-index: 9999;}.tatsu-hbspz0antdgaqd5x > .tatsu-column-inner > .tatsu-bottom-divider{z-index: 9999;}.tatsu-hbspz0antdgaqd5x > .tatsu-column-inner > .tatsu-left-divider{z-index: 9999;}.tatsu-hbspz0antdgaqd5x > .tatsu-column-inner > .tatsu-right-divider{z-index: 9999;}@media only screen and (max-width: 767px) {.tatsu-row > .tatsu-hbspz0antdgaqd5x.tatsu-column{width: 100%;}}<\/style><\/div><div  class=\"tatsu-column  tatsu-bg-overlay tatsu-one-fourth tatsu-column-image-none tatsu-column-effect-none  tatsu-hbspz0aoa8c5ixz7\"  data-parallax-speed=\"0\" style=\"\"><div class=\"tatsu-column-inner \" ><div class=\"tatsu-column-pad-wrap\"><div class=\"tatsu-column-pad\" ><div  class=\"tatsu-module tatsu-text-block-wrap tatsu-hbspz0aocua0afdf  \"><div class=\"tatsu-text-inner tatsu-align-center  clearfix\" ><style>.tatsu-hbspz0aocua0afdf.tatsu-text-block-wrap .tatsu-text-inner{text-align: left;}<\/style>\n<h4>B\u00fccher \/ Publications<\/h4>\n<h5>\u201cStille Stadt\u201d<\/h5>\n<p>Wien und die Corona-Krise<br \/>\nPeter Payer &amp; Christopher Mavric<br \/>\nFalter Verlag 2021<br \/>\n160 Seiten \/ 100 Abb.<br \/>\nISBN 978-3854396918<br \/>\n<a href=\"https:\/\/shop.falter.at\/stille-stadt.html\" target=\"_blank\" rel=\"noopener\">Infos auf www.falter.at<\/a><\/p>\n<h5>\u201cZwischen Br\u00fccken\u201d<\/h5>\n<p>Portr\u00e4ts aus Wien-Brigittenau<br \/>\nChristopher Mavric &amp; Oskar Aichinger<br \/>\nFOTOHOFediton 2020<br \/>\nISBN 978-3-902993-89-2<br \/>\n<a href=\"http:\/\/fotohof.net\/content.php?id=31&amp;buchid=1005\" target=\"_blank\" rel=\"noopener\">Infos auf www.fotohof.at<\/a><\/p>\n<h5>\u201cWeil es mich gibt\u201d<\/h5>\n<p>24 Portr\u00e4ts von au\u00dfergew\u00f6hnlichen Menschen<br \/>\nStefan Schl\u00f6gl &amp; Christopher Mavric<br \/>\nVerlag Bibiliothek der Provinz 2018<br \/>\nISBN: 978-3990287866<br \/>\n<a href=\"https:\/\/www.bibliothekderprovinz.at\/buch\/7427\/\" target=\"_blank\" rel=\"noopener\">Buchinfo beim Verlag<\/a><\/p>\n<h5>\u201cWildfremd\u201d<\/h5>\n<p>Stra\u00dfenportraits aus Graz &amp; Wien<br \/>\nStreet portraits from Graz &amp; Vienna<br \/>\nFOTOHOF edition 2015<br \/>\nISBN: 978-3-902993-04-5<br \/>\n<a href=\"http:\/\/www.fotohof.at\/content.php?id=29&amp;buchid=880\" target=\"_blank\" rel=\"noopener\">Buchinfo beim Verlag<\/a><br \/>\n<a href=\"http:\/\/www.fotohof.at\/content.php?id=29&amp;buchid=881\" target=\"_blank\" rel=\"noopener\">Publisher Info<\/a><\/p>\n<h5>\u201c\u2026 like New Yorkers\u201d<\/h5>\n<p>A Street-Photo-Ethnography in 10 Days<br \/>\nself-published, 2012<br \/>\nNO-ISBN<br \/>\n<a href=\"http:\/\/www.blurb.de\/b\/3401945-like-new-yorkers\">order here \/ hier bestellen<br \/>\n<\/a><\/p>\n<hr>\n<p>Beitr\u00e4ge \/ others:<\/p>\n<h5>\u201cIn der Frittatensuppe feiert die Provinz ihre Triumphe\u201d<\/h5>\n<p>Hg: Harald Schmidt<br \/>\nBrandst\u00e4tter Verlag<br \/>\nISBN: 978-3-7106-0533-8<br \/>\n<a href=\"https:\/\/www.brandstaetterverlag.com\/buch\/in-der-frittatensuppe-feiert-die-provinz-ihre-triumphe\/\" target=\"_blank\" rel=\"noopener\">Buchinfo beim Verlag<\/a><br \/>\n<a href=\"https:\/\/www.brandstaetterverlag.com\/buch\/in-der-frittatensuppe-feiert-die-provinz-ihre-triumphe\/\" target=\"_blank\" rel=\"noopener\">Publisher Info<\/a><\/p>\n<h5>\u201cHochbetagt \/ 15 Portr\u00e4ts\u201d<\/h5>\n<p>Hg: G\u00fcnther Brandstetter,&nbsp; Marietta M\u00fchlfellner<br \/>\nVerlag Anton Pustet<br \/>\nISBN: 978-3-7025-0879-1<br \/>\n<a href=\"https:\/\/www.pustet.at\/hochbetagt\" target=\"_blank\" rel=\"noopener\">Buchinfo beim Verlag<\/a><br \/>\n<a href=\"https:\/\/www.pustet.at\/hochbetagt\" target=\"_blank\" rel=\"noopener\">Publisher Info<br \/>\n<\/a><a href=\"http:\/\/www.hochbetagt.at\/\" target=\"_blank\" rel=\"noopener\">Website<\/a><\/p>\n<h5>\u201cEs lebe der Widerspruch\u201d<\/h5>\n<p>Fotos aus 40 Jahren Falter, 1977-2017<br \/>\nFalter Verlag<br \/>\nISBN: 978-3854396055<br \/>\n<a href=\"https:\/\/shop.falter.at\/es-lebe-der-widerspruch.html\" target=\"_blank\" rel=\"noopener\">Buchinfo beim Verlag<\/a><br \/>\n<a href=\"https:\/\/shop.falter.at\/es-lebe-der-widerspruch.html\" target=\"_blank\" rel=\"noopener\">Publisher Info<\/a><\/p>\n<h5>\u201c\u00d6sterreichBilder \/ FacingAustria\u201d<\/h5>\n<p><a href=\"http:\/\/www.c-mavric.at\/cms\/portfolio\/zwischenbruecken\/\">Zwischenbr\u00fccken: Stra\u00dfenportr\u00e4ts aus Wien\/Brigittenau<br \/>\n<\/a> FOTOHOF edition 2017<br \/>\nISBN: 978-3-902993-50-2<br \/>\n<a href=\"http:\/\/www.fotohof.at\/content.php?id=72&amp;buchid=928\" target=\"_blank\" rel=\"noopener\">Buchinfo beim Verlag<\/a><br \/>\n<a href=\"http:\/\/www.fotohof.at\/content.php?id=29&amp;buchid=852\" target=\"_blank\" rel=\"noopener\">Publisher Info<br \/>\n<\/a><a href=\"https:\/\/oesterreich-bilder.at\/\" target=\"_blank\" rel=\"noopener\">Website<\/a><\/p>\n<h5>&nbsp;\u201cVRAI OU FAUX ? act II\u201d<\/h5>\n<p>Installation by V\u00e9ronique Bourgoin<br \/>\nFOTOHOF edition 2013<br \/>\nISBN: 978-3-902675-76-7<br \/>\n<a href=\"http:\/\/www.fotohof.at\/content.php?id=29&amp;buchid=852\" target=\"_blank\" rel=\"noopener\">Buchinfo beim Verlag<\/a><br \/>\n<a href=\"http:\/\/www.fotohof.at\/content.php?id=29&amp;buchid=852\" target=\"_blank\" rel=\"noopener\">Publisher Info<\/a><\/p>\n<h5>\u201cpreviewed\u201d<\/h5>\n<p>Fotografie aus Wien<br \/>\nEIKON 2010<br \/>\nISBN: 978-3-902250-57-5<br \/>\n<a href=\"http:\/\/www.eikon.at\/content\/de\/zeitschrift_detail.php?sonder_id=90\">Buchinfo beim Verlag<\/a><br \/>\n<a href=\"http:\/\/www.eikon.at\/content\/de\/zeitschrift_detail.php?sonder_id=90\">Publisher Info<\/a><\/p>\n<\/div><\/div><\/div><\/div><div class = \"tatsu-column-bg-image-wrap\"><div class = \"tatsu-column-bg-image\" ><\/div><\/div><div class=\"tatsu-overlay tatsu-column-overlay tatsu-animate-none\" ><\/div><\/div><style>.tatsu-row > .tatsu-hbspz0aoa8c5ixz7.tatsu-column{width: 25%;}.tatsu-hbspz0aoa8c5ixz7.tatsu-column > .tatsu-column-inner > .tatsu-column-overlay{mix-blend-mode: normal;}.tatsu-hbspz0aoa8c5ixz7 > .tatsu-column-inner > .tatsu-top-divider{z-index: 9999;}.tatsu-hbspz0aoa8c5ixz7 > .tatsu-column-inner > .tatsu-bottom-divider{z-index: 9999;}.tatsu-hbspz0aoa8c5ixz7 > .tatsu-column-inner > .tatsu-left-divider{z-index: 9999;}.tatsu-hbspz0aoa8c5ixz7 > .tatsu-column-inner > .tatsu-right-divider{z-index: 9999;}@media only screen and (max-width: 767px) {.tatsu-row > .tatsu-hbspz0aoa8c5ixz7.tatsu-column{width: 100%;}}<\/style><\/div><\/div><\/div><\/div><div class=\"tatsu-section-background-wrap\"><div class = \"tatsu-section-background\" ><\/div><\/div><div class=\"tatsu-overlay tatsu-section-overlay\"><\/div><style>.tatsu-hbspz0amxjeviw6g.tatsu-section{background-color: #dddddd;}.tatsu-hbspz0amxjeviw6g{border-width: 0px 0px px 0px;border-style: solid;}.tatsu-hbspz0amxjeviw6g .tatsu-section-pad{padding: 50px 0% 200px 0%;}.tatsu-hbspz0amxjeviw6g > .tatsu-bottom-divider{z-index: 9999;}.tatsu-hbspz0amxjeviw6g > .tatsu-top-divider{z-index: 9999;}.tatsu-hbspz0amxjeviw6g .tatsu-section-overlay{mix-blend-mode: normal;}<\/style><\/div>\n","protected":false},"excerpt":{"rendered":"<p><a href=\"https:\/\/www.c-mavric.at\/cms\/info-4\/\" class=\"more-link style1-button\">Read More<\/a><\/p>","protected":false},"author":1,"featured_media":0,"parent":0,"menu_order":0,"comment_status":"open","ping_status":"closed","template":"","meta":[],"_links":{"self":[{"href":"https:\/\/www.c-mavric.at\/cms\/wp-json\/wp\/v2\/pages\/14382"}],"collection":[{"href":"https:\/\/www.c-mavric.at\/cms\/wp-json\/wp\/v2\/pages"}],"about":[{"href":"https:\/\/www.c-mavric.at\/cms\/wp-json\/wp\/v2\/types\/page"}],"author":[{"embeddable":true,"href":"https:\/\/www.c-mavric.at\/cms\/wp-json\/wp\/v2\/users\/1"}],"replies":[{"embeddable":true,"href":"https:\/\/www.c-mavric.at\/cms\/wp-json\/wp\/v2\/comments?post=14382"}],"version-history":[{"count":8,"href":"https:\/\/www.c-mavric.at\/cms\/wp-json\/wp\/v2\/pages\/14382\/revisions"}],"predecessor-version":[{"id":14390,"href":"https:\/\/www.c-mavric.at\/cms\/wp-json\/wp\/v2\/pages\/14382\/revisions\/14390"}],"wp:attachment":[{"href":"https:\/\/www.c-mavric.at\/cms\/wp-json\/wp\/v2\/media?parent=14382"}],"curies":[{"name":"wp","href":"https:\/\/api.w.org\/{rel}","templated":true}]}}